{"id":790,"date":"2023-06-06T14:26:57","date_gmt":"2023-06-06T14:26:57","guid":{"rendered":"https:\/\/bikoabokatuak.com\/politica-de-cookies\/"},"modified":"2023-06-23T10:39:03","modified_gmt":"2023-06-23T10:39:03","slug":"politica-de-cookies","status":"publish","type":"page","link":"https:\/\/bikoabokatuak.com\/es\/politica-de-cookies\/","title":{"rendered":"Pol\u00edtica de Cookies"},"content":{"rendered":"<p>[et_pb_section fb_built=\u00bb1&#8243; module_class=\u00bbsectionFamilia\u00bb _builder_version=\u00bb4.21.0&#8243; _module_preset=\u00bbdefault\u00bb background_image=\u00bbhttps:\/\/bikoabokatuak.com\/bitartekoak\/osagarriak\/mediak\/2023\/06\/groovepaper.png\u00bb background_size=\u00bbinitial\u00bb background_position=\u00bbtop_left\u00bb background_repeat=\u00bbrepeat\u00bb custom_padding=\u00bb0px||0px|||\u00bb collapsed=\u00bbon\u00bb global_colors_info=\u00bb{}\u00bb][et_pb_row module_class=\u00bbrowBat\u00bb _builder_version=\u00bb4.21.0&#8243; _module_preset=\u00bbdefault\u00bb use_background_color_gradient=\u00bbon\u00bb background_color_gradient_direction=\u00bb90deg\u00bb background_color_gradient_stops=\u00bb#2e3333 50%|#ffffff 50%\u00bb background_image=\u00bbhttps:\/\/bikoabokatuak.com\/bitartekoak\/osagarriak\/mediak\/2023\/06\/groovepaper.png\u00bb background_size=\u00bbcontain\u00bb background_position=\u00bbtop_left\u00bb background_repeat=\u00bbrepeat\u00bb width=\u00bb100%\u00bb max_width=\u00bb100%\u00bb custom_padding=\u00bb0px||0px|||\u00bb global_colors_info=\u00bb{}\u00bb][et_pb_column type=\u00bb4_4&#8243; _builder_version=\u00bb4.21.0&#8243; _module_preset=\u00bbdefault\u00bb global_colors_info=\u00bb{}\u00bb][et_pb_code _builder_version=\u00bb4.21.0&#8243; _module_preset=\u00bbdefault\u00bb global_colors_info=\u00bb{}\u00bb]<\/p>\n<div class=\"familia_A\"><!-- [et_pb_line_break_holder] -->\t<\/p>\n<div class=\"familiaHeader\"><!-- [et_pb_line_break_holder] -->\t\t<\/p>\n<div class=\"familiaHeader_a\"><\/div>\n<p><!-- [et_pb_line_break_holder] -->\t\t<\/p>\n<div class=\"familiaHeader_b\"><!-- [et_pb_line_break_holder] -->\t\t\t<\/p>\n<h1>Pol\u00edtica de Cookies<\/h1>\n<p><!-- [et_pb_line_break_holder] -->\t\t<\/div>\n<p><!-- [et_pb_line_break_holder] -->\t<\/div>\n<p><!-- [et_pb_line_break_holder] -->\t<\/p>\n<div class=\"familiaHeaderMenu\"><!-- [et_pb_line_break_holder] -->\t\t<\/p>\n<div class=\"familiaLink flUrdina fmenu\"><a href=\"https:\/\/bikoabokatuak.com\/es\/derecho-de-familia\/\">Derecho de Familia<\/a><\/div>\n<p><!-- [et_pb_line_break_holder] -->\t\t<\/p>\n<div class=\"bankuLink flUrdina fmenu\"><a href=\"https:\/\/bikoabokatuak.com\/es\/derecho-bancario\/\">Derecho Bancario<\/a><\/div>\n<p>\t\t<!-- [et_pb_line_break_holder] -->\t<\/div>\n<p><!-- [et_pb_line_break_holder] --><\/div>\n<p><!-- [et_pb_line_break_holder] -->[\/et_pb_code][\/et_pb_column][\/et_pb_row][et_pb_row module_class=\u00bbrowBi\u00bb _builder_version=\u00bb4.21.0&#8243; _module_preset=\u00bbdefault\u00bb width=\u00bb100%\u00bb max_width=\u00bb100%\u00bb custom_padding=\u00bb0px||0px|||\u00bb global_colors_info=\u00bb{}\u00bb][et_pb_column type=\u00bb4_4&#8243; _builder_version=\u00bb4.21.0&#8243; _module_preset=\u00bbdefault\u00bb global_colors_info=\u00bb{}\u00bb][et_pb_code _builder_version=\u00bb4.21.0&#8243; _module_preset=\u00bbdefault\u00bb custom_padding=\u00bb||||false|false\u00bb global_colors_info=\u00bb{}\u00bb]<\/p>\n<div class=\"familia_B\"><!-- [et_pb_line_break_holder] -->\t<\/p>\n<div class=\"familiaEdukia\"><!-- [et_pb_line_break_holder] -->\t\t<\/p>\n<div class=\"familiaArgazkia\"><\/div>\n<p><!-- [et_pb_line_break_holder] --><!-- [et_pb_line_break_holder] -->\t\t<\/p>\n<div class=\"familiaTestua\"><!-- [et_pb_line_break_holder] -->\t\t\t<!-- [et_pb_line_break_holder] -->\t\t\t<\/p>\n<div class=\"familiaArloak_n\"><!-- [et_pb_line_break_holder] -->\t\t\t\t<\/p>\n<div class=\"familiaArloa\"><!-- [et_pb_line_break_holder] -->\t\t\t\t\t<pee><strong>\u00bfQu\u00e9 son las cookies?<\/strong><\/pee><!-- [et_pb_line_break_holder] -->\t\t\t\t\t<pee>Las cookies son peque\u00f1os archivos de texto que se descargan en tu equipo al acceder a una p\u00e1gina web.<\/pee><!-- [et_pb_line_break_holder] -->\t\t\t\t\t<pee>No son virus malignos, sino herramientas que cumplen un papel esencial para la prestaci\u00f3n de numerosos servicios en internet. Entre otras cosas permiten recordar el idioma en el que quieres navegar en la web, recopilar estad\u00edsticas para optimizar la funcionalidad del sitio o que puedas compartir nuestros contenidos en tus redes sociales.<\/pee><!-- [et_pb_line_break_holder] -->\t\t\t\t\t<pee> <\/pee><!-- [et_pb_line_break_holder] -->\t\t\t\t\t<pee><strong>\u00bfQu\u00e9 tipos de cookies utiliza esta p\u00e1gina web?<\/strong><\/pee><!-- [et_pb_line_break_holder] -->\t\t\t\t\t<pee>Cookies t\u00e9cnicas. Son aquellas creadas y gestionadas \u00fanicamente por nosotros y que permiten la navegaci\u00f3n a trav\u00e9s de nuestra p\u00e1gina web y la utilizaci\u00f3n de sus diferentes opciones y servicios.<!\u2013- [et_pb_br_holder] -\u2013>Cookies de an\u00e1lisis. Son aquellas que bien tratadas por nosotros o por terceros, nos permiten cuantificar el n\u00famero de usuarios y realizar la medici\u00f3n y an\u00e1lisis estad\u00edstico de la utilizaci\u00f3n de nuestra web.<\/pee><!-- [et_pb_line_break_holder] -->\t\t\t\t\t<pee>En ning\u00fan caso obtenemos informaci\u00f3n sobre los datos personales del usuario, garantizando la tutela de la privacidad de las personas que navegan por la web.<\/pee><!-- [et_pb_line_break_holder] -->\t\t\t\t\t<pee> <\/pee><!-- [et_pb_line_break_holder] -->\t\t\t\t\t<pee><strong>C\u00f3mo desactivar nuestras cookies (o cualquier otra)<\/strong><\/pee><!-- [et_pb_line_break_holder] -->\t\t\t\t\t<pee>Aunque la mayor\u00eda de los navegadores acepta cookies de forma autom\u00e1tica, puedes modificar la configuraci\u00f3n de tu navegador para permitir, bloquear o eliminar las cookies instaladas en tu equipo.<\/pee><!-- [et_pb_line_break_holder] -->\t\t\t\t\t<pee> <\/pee><!-- [et_pb_line_break_holder] -->\t\t\t\t<\/div>\n<p><!-- [et_pb_line_break_holder] -->\t\t\t<\/div>\n<p><!-- [et_pb_line_break_holder] --><!-- [et_pb_line_break_holder] -->\t\t<\/div>\n<p><!-- [et_pb_line_break_holder] -->\t<\/div>\n<p><!-- [et_pb_line_break_holder] -->\t<\/p>\n<div class=\"familiaMenu\"><!-- [et_pb_line_break_holder] -->\t\t<\/p>\n<div class=\"oinordetzaLink flUrdina fmenu\"><a href=\"https:\/\/bikoabokatuak.com\/es\/derecho-de-sucesiones\/\">Derecho de Sucesiones<\/a><\/div>\n<p><!-- [et_pb_line_break_holder] -->\t\t<\/p>\n<div class=\"bikoLink flGrisa fmenu\"><a href=\"https:\/\/bikoabokatuak.com\/es\/biko-abogados\/\">Biko Abogados<\/a><\/div>\n<p>\t<!-- [et_pb_line_break_holder] -->\t\t<\/p>\n<div class=\"kontaktuaLink flGrisa fmenu\"><a href=\"https:\/\/bikoabokatuak.com\/es\/contacto\/\">Contacto<\/a><\/div>\n<p>\t<!-- [et_pb_line_break_holder] --><!-- [et_pb_line_break_holder] -->\t\t<\/p>\n<div class=\"fBilbo\"><!-- [et_pb_line_break_holder] -->\t\t\t<\/p>\n<h3>Bilbo<\/h3>\n<p><!-- [et_pb_line_break_holder] -->\t\t\t<\/p>\n<address>Barroeta Aldamar,<!\u2013- [et_pb_br_holder] -\u2013>4-3\u00ba dpto. 31.<!\u2013- [et_pb_br_holder] -\u2013>48001 Bilbo (Bizkaia)<\/address>\n<p><!-- [et_pb_line_break_holder] -->\t\t\t<a href=\"tel:+34637174150\">637 174 150<\/a><!-- [et_pb_line_break_holder] -->\t\t<\/div>\n<p><!-- [et_pb_line_break_holder] -->\t\t<\/p>\n<div class=\"fGasteiz\"><!-- [et_pb_line_break_holder] -->\t\t\t<\/p>\n<h3>Vitoria-Gasteiz<\/h3>\n<p><!-- [et_pb_line_break_holder] -->\t\t\t<\/p>\n<address>Pasaje las Antillas,<!\u2013- [et_pb_br_holder] -\u2013>2-1\u00ba (Oficina 2)<!\u2013- [et_pb_br_holder] -\u2013>01012 Vitoria-Gasteiz (Araba)<\/address>\n<p>\t<!-- [et_pb_line_break_holder] -->\t\t\t<a href=\"tel:+34688771875\">688 771 875<\/a>\t<!-- [et_pb_line_break_holder] -->\t\t<\/div>\n<p><!-- [et_pb_line_break_holder] --><!-- [et_pb_line_break_holder] -->\t\t<\/p>\n<div class=\"familiaSsMenu\">\t\t<!-- [et_pb_line_break_holder] -->\t\t\t\t<a href=\"https:\/\/www.facebook.com\/profile.php?id=100093105883536\" target=\"_blank\" rel=\"noopener\"><svg xmlns=\"http:\/\/www.w3.org\/2000\/svg\" viewbox=\"0 0 55 55\" fill=\"#4c5780\" xmlns:v=\"https:\/\/vecta.io\/nano\"><path d=\"M23.1,27.65V44a.42.42,0,0,0,.42.42h6.09A.43.43,0,0,0,30,44V27.38h4.41a.42.42,0,0,0,.42-.39l.43-5a.43.43,0,0,0-.43-.46H30V18a1.51,1.51,0,0,1,1.51-1.52H35a.42.42,0,0,0,.42-.42V11a.42.42,0,0,0-.42-.43H29.2a6.11,6.11,0,0,0-6.1,6.11v4.84H20.05a.42.42,0,0,0-.42.42v5a.42.42,0,0,0,.42.43H23.1Z\" fill-rule=\"evenodd\"\/><\/svg><\/a><!-- [et_pb_line_break_holder] -->\t\t\t\t<a href=\"https:\/\/www.instagram.com\/bikoabokatuak\/\" target=\"_blank\" rel=\"noopener\"><svg xmlns=\"http:\/\/www.w3.org\/2000\/svg\" viewbox=\"0 0 55 55\" fill=\"#4c5780\" xmlns:v=\"https:\/\/vecta.io\/nano\"><path d=\"M38.66 18.27a2 2 0 1 1-2-2 2 2 0 0 1 2 2zm-2.49 9a8.44 8.44 0 1 1-8.43-8.43 8.44 8.44 0 0 1 8.43 8.43zm-3 0a5.41 5.41 0 1 0-5.4 5.4 5.41 5.41 0 0 0 5.37-5.4zM44.8 20.5a10.29 10.29 0 0 0-10.28-10.29h-14A10.29 10.29 0 0 0 10.2 20.5v14a10.28 10.28 0 0 0 10.28 10.31h14A10.28 10.28 0 0 0 44.8 34.53zm-3.38 13.87a7.07 7.07 0 0 1-7.06 7.07H20.64a7.07 7.07 0 0 1-7.06-7.07V20.65a7.06 7.06 0 0 1 7.06-7.06h13.72a7.06 7.06 0 0 1 7.06 7.06z\"\/><\/svg><\/a><!-- [et_pb_line_break_holder] -->\t\t\t\t<a href=\"https:\/\/wa.me\/34688771875\" target=\"_blank\" rel=\"noopener\"><svg xmlns=\"http:\/\/www.w3.org\/2000\/svg\" viewbox=\"0 0 55 55\" fill=\"#4c5780\" xmlns:v=\"https:\/\/vecta.io\/nano\"><path d=\"M34 29.67a2.86 2.86 0 0 0-2.44-.55c-.63.26-1 1.25-1.45 1.76a.61.61 0 0 1-.78.17 11.07 11.07 0 0 1-5.51-4.72.67.67 0 0 1 .09-.92 3.84 3.84 0 0 0 1-1.63 3.61 3.61 0 0 0-.45-1.92A4.57 4.57 0 0 0 23 19.72a1.94 1.94 0 0 0-2.11.32 4.29 4.29 0 0 0-1.49 3.39 4.84 4.84 0 0 0 .14 1.08 8.8 8.8 0 0 0 1 2.38 17.51 17.51 0 0 0 5.76 6 14.47 14.47 0 0 0 2.92 1.39 6.4 6.4 0 0 0 3.4.53 4.09 4.09 0 0 0 3.08-2.29 2 2 0 0 0 .14-1.17c-.1-.81-1.19-1.29-1.84-1.68zm-6.33-19.38a17 17 0 0 0-14.88 25.23l-2.47 9.21 9.26-2.48a17 17 0 1 0 8.09-32zm0 30.81a13.8 13.8 0 0 1-7-2l-.67-.3-5.17 1.39L16.25 35l-.36-.58a13.78 13.78 0 1 1 11.78 6.68z\"\/><\/svg><\/a><!-- [et_pb_line_break_holder] -->\t\t<\/div>\n<p>\t<!-- [et_pb_line_break_holder] -->\t<\/div>\n<p><!-- [et_pb_line_break_holder] --><\/div>\n<p><!-- [et_pb_line_break_holder] -->[\/et_pb_code][\/et_pb_column][\/et_pb_row][\/et_pb_section][et_pb_section fb_built=\u00bb1&#8243; admin_label=\u00bbEgin Kontsulta\u00bb _builder_version=\u00bb4.21.0&#8243; _module_preset=\u00bbdefault\u00bb background_image=\u00bbhttps:\/\/bikoabokatuak.com\/bitartekoak\/osagarriak\/mediak\/2023\/06\/groovepaper.png\u00bb background_size=\u00bbcontain\u00bb background_position=\u00bbtop_left\u00bb background_repeat=\u00bbrepeat\u00bb custom_padding=\u00bb0px||0px||false|false\u00bb border_width_top=\u00bb1px\u00bb border_color_top=\u00bb#E0E0E0&#8243; border_width_bottom=\u00bb1px\u00bb border_color_bottom=\u00bb#E0E0E0&#8243; locked=\u00bboff\u00bb collapsed=\u00bbon\u00bb global_colors_info=\u00bb{}\u00bb][et_pb_row module_class=\u00bbrowAholkularitza rowKol\u00bb _builder_version=\u00bb4.21.0&#8243; _module_preset=\u00bbdefault\u00bb background_enable_color=\u00bboff\u00bb width=\u00bb100%\u00bb max_width=\u00bb2100px\u00bb custom_padding=\u00bb0px||0px||false|false\u00bb border_width_right=\u00bb1px\u00bb border_color_right=\u00bb#E0E0E0&#8243; border_width_left=\u00bb1px\u00bb border_color_left=\u00bb#E0E0E0&#8243; global_colors_info=\u00bb{}\u00bb][et_pb_column type=\u00bb4_4&#8243; _builder_version=\u00bb4.21.0&#8243; _module_preset=\u00bbdefault\u00bb global_colors_info=\u00bb{}\u00bb][et_pb_code _builder_version=\u00bb4.21.0&#8243; _module_preset=\u00bbdefault\u00bb background_enable_color=\u00bboff\u00bb hover_enabled=\u00bb0&#8243; global_colors_info=\u00bb{}\u00bb sticky_enabled=\u00bb0&#8243;]<\/p>\n<div class=\"aholkularitza_n\"><!-- [et_pb_line_break_holder] --><!-- [et_pb_line_break_holder] -->\t<\/p>\n<div class=\"aholkularitza\">\n<h3>Asesoramiento y <!\u2013- [et_pb_br_holder] -\u2013>consultas<\/h3>\n<\/div>\n<p><!-- [et_pb_line_break_holder] -->\t<\/p>\n<div class=\"button\"><a href=\"https:\/\/bikoabokatuak.com\/es\/contacto\/\" rel=\"noopener\">Realizar Consulta<\/a><\/div>\n<p><!-- [et_pb_line_break_holder] --><!-- [et_pb_line_break_holder] --><\/div>\n<p>[\/et_pb_code][\/et_pb_column][\/et_pb_row][\/et_pb_section][et_pb_section fb_built=\u00bb1&#8243; _builder_version=\u00bb4.21.0&#8243; _module_preset=\u00bbdefault\u00bb background_color=\u00bb#F9F9F9&#8243; collapsed=\u00bbon\u00bb global_colors_info=\u00bb{}\u00bb][et_pb_row _builder_version=\u00bb4.21.0&#8243; _module_preset=\u00bbdefault\u00bb global_colors_info=\u00bb{}\u00bb][et_pb_column type=\u00bb4_4&#8243; _builder_version=\u00bb4.21.0&#8243; _module_preset=\u00bbdefault\u00bb global_colors_info=\u00bb{}\u00bb][et_pb_code _builder_version=\u00bb4.21.0&#8243; _module_preset=\u00bbdefault\u00bb global_colors_info=\u00bb{}\u00bb][\/et_pb_code][\/et_pb_column][\/et_pb_row][\/et_pb_section]<\/p>\n","protected":false},"excerpt":{"rendered":"","protected":false},"author":1,"featured_media":0,"parent":0,"menu_order":0,"comment_status":"closed","ping_status":"closed","template":"","meta":{"_et_pb_use_builder":"on","_et_pb_old_content":"","_et_gb_content_width":"","footnotes":""},"class_list":["post-790","page","type-page","status-publish","hentry"],"yoast_head":"<!-- This site is optimized with the Yoast SEO plugin v20.9 - https:\/\/yoast.com\/wordpress\/plugins\/seo\/ -->\n<title>Pol\u00edtica de Cookies - Biko Abokatuak<\/title>\n<meta name=\"robots\" content=\"noindex, nofollow\" \/>\n<meta property=\"og:locale\" content=\"es_ES\" \/>\n<meta property=\"og:type\" content=\"article\" \/>\n<meta property=\"og:title\" content=\"Pol\u00edtica de Cookies - Biko Abokatuak\" \/>\n<meta property=\"og:url\" content=\"https:\/\/bikoabokatuak.com\/es\/politica-de-cookies\/\" \/>\n<meta property=\"og:site_name\" content=\"Biko Abokatuak\" \/>\n<meta property=\"article:publisher\" content=\"https:\/\/www.facebook.com\/profile.php?id=100093105883536\" \/>\n<meta property=\"article:modified_time\" content=\"2023-06-23T10:39:03+00:00\" \/>\n<meta property=\"og:image\" content=\"https:\/\/bikoabokatuak.com\/bitartekoak\/osagarriak\/mediak\/2023\/06\/SiteInfo.png\" \/>\n\t<meta property=\"og:image:width\" content=\"1200\" \/>\n\t<meta property=\"og:image:height\" content=\"768\" \/>\n\t<meta property=\"og:image:type\" content=\"image\/png\" \/>\n<meta name=\"twitter:card\" content=\"summary_large_image\" \/>\n<meta name=\"twitter:label1\" content=\"Tiempo de lectura\" \/>\n\t<meta name=\"twitter:data1\" content=\"3 minutos\" \/>\n<script type=\"application\/ld+json\" class=\"yoast-schema-graph\">{\"@context\":\"https:\/\/schema.org\",\"@graph\":[{\"@type\":\"WebPage\",\"@id\":\"https:\/\/bikoabokatuak.com\/es\/politica-de-cookies\/\",\"url\":\"https:\/\/bikoabokatuak.com\/es\/politica-de-cookies\/\",\"name\":\"Pol\u00edtica de Cookies - Biko Abokatuak\",\"isPartOf\":{\"@id\":\"https:\/\/bikoabokatuak.com\/es\/#website\"},\"datePublished\":\"2023-06-06T14:26:57+00:00\",\"dateModified\":\"2023-06-23T10:39:03+00:00\",\"breadcrumb\":{\"@id\":\"https:\/\/bikoabokatuak.com\/es\/politica-de-cookies\/#breadcrumb\"},\"inLanguage\":\"es\",\"potentialAction\":[{\"@type\":\"ReadAction\",\"target\":[\"https:\/\/bikoabokatuak.com\/es\/politica-de-cookies\/\"]}]},{\"@type\":\"BreadcrumbList\",\"@id\":\"https:\/\/bikoabokatuak.com\/es\/politica-de-cookies\/#breadcrumb\",\"itemListElement\":[{\"@type\":\"ListItem\",\"position\":1,\"name\":\"Home\",\"item\":\"https:\/\/bikoabokatuak.com\/es\/pagina-principal\/\"},{\"@type\":\"ListItem\",\"position\":2,\"name\":\"Pol\u00edtica de Cookies\"}]},{\"@type\":\"WebSite\",\"@id\":\"https:\/\/bikoabokatuak.com\/es\/#website\",\"url\":\"https:\/\/bikoabokatuak.com\/es\/\",\"name\":\"Biko Abokatuak\",\"description\":\"Family Right, Banking Law and Right of Succession\",\"publisher\":{\"@id\":\"https:\/\/bikoabokatuak.com\/es\/#organization\"},\"alternateName\":\"Biko\",\"potentialAction\":[{\"@type\":\"SearchAction\",\"target\":{\"@type\":\"EntryPoint\",\"urlTemplate\":\"https:\/\/bikoabokatuak.com\/es\/?s={search_term_string}\"},\"query-input\":\"required name=search_term_string\"}],\"inLanguage\":\"es\"},{\"@type\":\"Organization\",\"@id\":\"https:\/\/bikoabokatuak.com\/es\/#organization\",\"name\":\"Biko Abokatuak\",\"alternateName\":\"Biko\",\"url\":\"https:\/\/bikoabokatuak.com\/es\/\",\"logo\":{\"@type\":\"ImageObject\",\"inLanguage\":\"es\",\"@id\":\"https:\/\/bikoabokatuak.com\/es\/#\/schema\/logo\/image\/\",\"url\":\"https:\/\/bikoabokatuak.com\/bitartekoak\/osagarriak\/mediak\/2023\/06\/BikoOrgLogo.png\",\"contentUrl\":\"https:\/\/bikoabokatuak.com\/bitartekoak\/osagarriak\/mediak\/2023\/06\/BikoOrgLogo.png\",\"width\":696,\"height\":696,\"caption\":\"Biko Abokatuak\"},\"image\":{\"@id\":\"https:\/\/bikoabokatuak.com\/es\/#\/schema\/logo\/image\/\"},\"sameAs\":[\"https:\/\/www.facebook.com\/profile.php?id=100093105883536\",\"https:\/\/www.instagram.com\/bikoabokatuak\/\"]}]}<\/script>\n<!-- \/ Yoast SEO plugin. -->","yoast_head_json":{"title":"Pol\u00edtica de Cookies - Biko Abokatuak","robots":{"index":"noindex","follow":"nofollow"},"og_locale":"es_ES","og_type":"article","og_title":"Pol\u00edtica de Cookies - Biko Abokatuak","og_url":"https:\/\/bikoabokatuak.com\/es\/politica-de-cookies\/","og_site_name":"Biko Abokatuak","article_publisher":"https:\/\/www.facebook.com\/profile.php?id=100093105883536","article_modified_time":"2023-06-23T10:39:03+00:00","og_image":[{"width":1200,"height":768,"url":"https:\/\/bikoabokatuak.com\/bitartekoak\/osagarriak\/mediak\/2023\/06\/SiteInfo.png","type":"image\/png"}],"twitter_card":"summary_large_image","twitter_misc":{"Tiempo de lectura":"3 minutos"},"schema":{"@context":"https:\/\/schema.org","@graph":[{"@type":"WebPage","@id":"https:\/\/bikoabokatuak.com\/es\/politica-de-cookies\/","url":"https:\/\/bikoabokatuak.com\/es\/politica-de-cookies\/","name":"Pol\u00edtica de Cookies - Biko Abokatuak","isPartOf":{"@id":"https:\/\/bikoabokatuak.com\/es\/#website"},"datePublished":"2023-06-06T14:26:57+00:00","dateModified":"2023-06-23T10:39:03+00:00","breadcrumb":{"@id":"https:\/\/bikoabokatuak.com\/es\/politica-de-cookies\/#breadcrumb"},"inLanguage":"es","potentialAction":[{"@type":"ReadAction","target":["https:\/\/bikoabokatuak.com\/es\/politica-de-cookies\/"]}]},{"@type":"BreadcrumbList","@id":"https:\/\/bikoabokatuak.com\/es\/politica-de-cookies\/#breadcrumb","itemListElement":[{"@type":"ListItem","position":1,"name":"Home","item":"https:\/\/bikoabokatuak.com\/es\/pagina-principal\/"},{"@type":"ListItem","position":2,"name":"Pol\u00edtica de Cookies"}]},{"@type":"WebSite","@id":"https:\/\/bikoabokatuak.com\/es\/#website","url":"https:\/\/bikoabokatuak.com\/es\/","name":"Biko Abokatuak","description":"Family Right, Banking Law and Right of Succession","publisher":{"@id":"https:\/\/bikoabokatuak.com\/es\/#organization"},"alternateName":"Biko","potentialAction":[{"@type":"SearchAction","target":{"@type":"EntryPoint","urlTemplate":"https:\/\/bikoabokatuak.com\/es\/?s={search_term_string}"},"query-input":"required name=search_term_string"}],"inLanguage":"es"},{"@type":"Organization","@id":"https:\/\/bikoabokatuak.com\/es\/#organization","name":"Biko Abokatuak","alternateName":"Biko","url":"https:\/\/bikoabokatuak.com\/es\/","logo":{"@type":"ImageObject","inLanguage":"es","@id":"https:\/\/bikoabokatuak.com\/es\/#\/schema\/logo\/image\/","url":"https:\/\/bikoabokatuak.com\/bitartekoak\/osagarriak\/mediak\/2023\/06\/BikoOrgLogo.png","contentUrl":"https:\/\/bikoabokatuak.com\/bitartekoak\/osagarriak\/mediak\/2023\/06\/BikoOrgLogo.png","width":696,"height":696,"caption":"Biko Abokatuak"},"image":{"@id":"https:\/\/bikoabokatuak.com\/es\/#\/schema\/logo\/image\/"},"sameAs":["https:\/\/www.facebook.com\/profile.php?id=100093105883536","https:\/\/www.instagram.com\/bikoabokatuak\/"]}]}},"_links":{"self":[{"href":"https:\/\/bikoabokatuak.com\/es\/wp-json\/wp\/v2\/pages\/790","targetHints":{"allow":["GET"]}}],"collection":[{"href":"https:\/\/bikoabokatuak.com\/es\/wp-json\/wp\/v2\/pages"}],"about":[{"href":"https:\/\/bikoabokatuak.com\/es\/wp-json\/wp\/v2\/types\/page"}],"author":[{"embeddable":true,"href":"https:\/\/bikoabokatuak.com\/es\/wp-json\/wp\/v2\/users\/1"}],"replies":[{"embeddable":true,"href":"https:\/\/bikoabokatuak.com\/es\/wp-json\/wp\/v2\/comments?post=790"}],"version-history":[{"count":1,"href":"https:\/\/bikoabokatuak.com\/es\/wp-json\/wp\/v2\/pages\/790\/revisions"}],"predecessor-version":[{"id":1069,"href":"https:\/\/bikoabokatuak.com\/es\/wp-json\/wp\/v2\/pages\/790\/revisions\/1069"}],"wp:attachment":[{"href":"https:\/\/bikoabokatuak.com\/es\/wp-json\/wp\/v2\/media?parent=790"}],"curies":[{"name":"wp","href":"https:\/\/api.w.org\/{rel}","templated":true}]}}